{"id":7397,"date":"2021-10-04T10:46:33","date_gmt":"2021-10-04T13:46:33","guid":{"rendered":"https:\/\/boutiquemiradror.com\/mdw\/?page_id=7397"},"modified":"2021-10-04T10:46:33","modified_gmt":"2021-10-04T13:46:33","slug":"terminos-y-condiciones","status":"publish","type":"page","link":"https:\/\/boutiquemiradror.com\/mdw\/terminos-y-condiciones\/","title":{"rendered":"T\u00e9rminos y Condiciones"},"content":{"rendered":"\n\n\n<p><strong>LABORATORIO MIRA DROR S.A. &nbsp;respecto del presente sitio web cuyo dominio le pertenece, garantiza mediante este aviso la privacidad de los datos personales e informa acerca de su pol\u00edtica de protecci\u00f3n de datos de car\u00e1cter personal para que los usuarios determinen libre y voluntariamente si desean facilitar sus datos personales a trav\u00e9s del formulario electr\u00f3nico de suscripci\u00f3n. Los usuarios consienten el tratamiento de dichos datos personales por MIRA DROR en los t\u00e9rminos de la presente Pol\u00edtica de Protecci\u00f3n de Datos de Car\u00e1cter Personal.<\/strong><\/p>\n\n\n\n<p><strong>1)&nbsp;<\/strong><strong>Confidencialidad en el tratamiento automatizado de los datos de car\u00e1cter personal de los usuarios:<\/strong> MIRA DROR garantiza la confidencialidad de los datos de car\u00e1cter personal facilitados por los usuarios y su tratamiento automatizado de acuerdo a la legislaci\u00f3n vigente sobre protecci\u00f3n de datos de car\u00e1cter personal (Ley 25.326). MIRA DROR ha adoptado los niveles de seguridad de protecci\u00f3n de los datos personales legalmente requeridos, y ha instalado todos los medios y medidas t\u00e9cnicas a su alcance para evitar la p\u00e9rdida, mal uso, alteraci\u00f3n, acceso no autorizado y robo de los datos personales facilitados. A pesar de ello, el usuario debe ser consciente de que las medidas de seguridad en Internet no son inexpugnables. MIRA DROR proporcionar\u00e1 a los usuarios los recursos t\u00e9cnicos adecuados para que, con car\u00e1cter previo a la entrega de los datos personales, puedan acceder a este aviso sobre la Pol\u00edtica de Protecci\u00f3n de Datos de Car\u00e1cter Personal o a cualquier otra informaci\u00f3n relevante, y puedan prestar su consentimiento a fin de que MIRA DROR proceda al tratamiento automatizado de los datos personales de los usuarios. MIRA DROR se reserva el derecho a modificar la presente pol\u00edtica para adaptarla a novedades o exigencias legislativas y jurisprudenciales as\u00ed como a pr\u00e1cticas de la industria, teniendo en todo momento en cuenta los leg\u00edtimos intereses del titular de los datos personales.<\/p>\n\n\n\n<p><strong>2)&nbsp;<\/strong><strong>Finalidad del tratamiento automatizado de los datos de car\u00e1cter personal:<\/strong> El tratamiento automatizado de los datos personales como consecuencia de la navegaci\u00f3n por el sitio web de MIRA DROR tiene como finalidad proveer datos de profesionales de la est\u00e9tica al p\u00fablico as\u00ed como la gesti\u00f3n, administraci\u00f3n, prestaci\u00f3n, ampliaci\u00f3n y mejora de los servicios en los que el usuario decida suscribirse, darse de alta o utilizar, y la adecuaci\u00f3n de dichos servicios a las preferencias y gustos de los usuarios. Asimismo, tiene como finalidad el estudio cuantitativo y cualitativo de las visitas y de la utilizaci\u00f3n de los servicios por parte de los usuarios, el dise\u00f1o de nuevos servicios relacionados con los servicios propios de lacacosmetica.com y sus actualizaciones, y el env\u00edo por medios tradicionales y electr\u00f3nicos de informaci\u00f3n t\u00e9cnica, operativa, aquella relacionada con los par\u00e1metros concretos seleccionados por el usuario en el Formulario de Inscripci\u00f3n, formularios de encuestas o informaci\u00f3n comercial o publicitaria acerca de los productos y servicios ofrecidos en el sitio web. Las respuestas a las preguntas sobre datos personales que aparecen se\u00f1aladas en el Formulario de Inscripci\u00f3n con un asterisco (*) son de car\u00e1cter obligatorio. En ning\u00fan caso MIRA DROR utilizar\u00e1 los datos personales de los usuarios para proporcionarlos a un tercero, sin el debido permiso anterior del usuario.<br>El v\u00ednculo comercial que se genere entre el profesional y el p\u00fablico no implica responsabilidad para MIRA DROR.<br>El sistema brinda los datos de manera aleatoria por azar y la elecci\u00f3n de los profesionales es exclusiva responsabilidad del p\u00fablico.<\/p>\n\n\n\n<p><strong>3)<\/strong>&nbsp;<strong>Derechos de los usuarios en relaci\u00f3n a sus datos personales:<\/strong> Los usuarios podr\u00e1n ejercitar los derechos de acceso, cancelaci\u00f3n, rectificaci\u00f3n y oposici\u00f3n al tratamiento, uso y cesi\u00f3n de sus datos mediante comunicaci\u00f3n dirigida a MIRA DROR a la direcci\u00f3n de correo electr\u00f3nico siguiente: <a href=\"mailto:consultas@miradror.com\">consultas@miradror.com<\/a> \/ <a href=\"mailto:info@miradror.com\">info@miradror.com<\/a><\/p>\n\n\n\n<p><br>MIRA DROR &nbsp;no ceder\u00e1 los datos personales de los usuarios que se recogen a trav\u00e9s del sitio web a terceros sin el consentimiento expreso del usuario para ello. MIRA DROR ofrecer\u00e1 previamente al usuario la posibilidad de aceptar o no esta cesi\u00f3n. MIRA DROR informar\u00e1 expresamente al usuario sobre la cesi\u00f3n de sus datos de car\u00e1cter personal a terceros, indicando la identidad de los cesionarios y la finalidad de la cesi\u00f3n de los datos de car\u00e1cter personal. El usuario consiente en que se utilizar\u00e1 la informaci\u00f3n de sus datos personales cuando as\u00ed sea requerido por las Autoridades administrativas competentes o por mandato judicial.<\/p>\n\n\n\n<p><strong>4)<\/strong>&nbsp;<strong>Exenci\u00f3n de responsabilidad:<\/strong> MIRA DROR no se hace responsable de la edici\u00f3n, revisi\u00f3n, censura y verificaci\u00f3n de los contenidos de las p\u00e1ginas o sitios web con los que el usuario se conecte a trav\u00e9s del motor de b\u00fasqueda o de hiperv\u00ednculos incluidos en el sitio web. MIRA DROR no se responsabiliza del mal uso que se realice de los contenidos del sitio web, siendo exclusiva responsabilidad de la persona que acceda a ellos o los utilice. Los usuarios se comprometen a utilizar el sitio web y sus servicios de conformidad con la normativa vigente, con la moral y buenas costumbres generalmente aceptadas y el orden publico.<\/p>\n\n\n\n<p><strong>5)<\/strong>&nbsp;<strong>Exenci\u00f3n de responsabilidad por el funcionamiento del sitio web:<\/strong> MIRA DROR presta sus servicios y contenidos de forma continuada empleando todos los medios t\u00e9cnicos a su alcance para realizar dicha prestaci\u00f3n de forma satisfactoria. MIRA DROR podr\u00e1, cuando lo considere conveniente, realizar correcciones, mejoras o modificaciones en la informaci\u00f3n contenida en el sitio web, en los servicios, en los precios de los productos, en la formas de pagos, en las im\u00e1genes o en los contenidos sin que ello de lugar, ni derecho a ninguna reclamaci\u00f3n o indemnizaci\u00f3n, ni implique reconocimiento de responsabilidad alguna. MIRA DROR no se hace responsable por los da\u00f1os y perjuicios de toda naturaleza que pudieran derivarse de la disponibilidad y continuidad t\u00e9cnica del funcionamiento del sitio web. En cualquier caso, MIRA DROR llevar\u00e1 a cabo todas las actuaciones necesarias para reestablecer sus servicios en caso de falla t\u00e9cnico. MIRA DROR no se hace responsable por los da\u00f1os y perjuicios de toda naturaleza que pudieran derivarse del conocimiento que puedan tener terceros no autorizados de los datos de los usuarios. MIRA DROR excluye su responsabilidad por los servicios, bienes o productos que puedan ser adquiridos o contratados a terceros a trav\u00e9s de informaci\u00f3n brindada en el sitio web.<\/p>\n\n\n\n<p><strong>6)&nbsp;<\/strong><strong>Propiedad intelectual de los contenidos del sitio web y redes sociales<\/strong> (Instagram, Fecebook, por ej.): Los textos (informaciones, conceptos, opiniones y otros an\u00e1logos) y elementos gr\u00e1ficos (dise\u00f1o, logos, fotos de modelos y productos, c\u00f3digo fuente y otros an\u00e1logos) que constituyen el sitio web y difundidos a trav\u00e9s de \u00e9ste son titularidad exclusiva de MIRA DROR. MIRA DROR no concede licencia de uso o autorizaci\u00f3n alguna sobre sus derechos de propiedad industrial e intelectual o sobre cualquier otra propiedad o derecho relacionado con su sitio web. Los usuarios podr\u00e1n llevar a cabo la reproducci\u00f3n de los contenidos del sitio web con el \u00fanico fin de proceder a su almacenamiento, a la realizaci\u00f3n de copias de seguridad o a su impresi\u00f3n sobre papel para uso privado. Al margen de lo anterior, queda prohibida toda reproducci\u00f3n, distribuci\u00f3n, transformaci\u00f3n, presentaci\u00f3n, total o parcial, del contenido del sitio web o de alguno de sus elementos, de forma directa o indirecta por redes telem\u00e1ticas o soportes an\u00e1logos, con un fin comercial dirigido al p\u00fablico o para una utilizaci\u00f3n m\u00e1s all\u00e1 de las mencionadas, a\u00fan citando la fuente, siempre que no se cuente con la autorizaci\u00f3n expresa y por escrito de MIRA DROR y en su caso de terceros colaboradores. El incumplimiento de lo anterior facultar\u00e1 a MIRA DROR para interponer las acciones legales pertinentes. Quedan especialmente prohibidas: &#8211; La presentaci\u00f3n de una p\u00e1gina del WEBSITE en una marco de otra pagina web que no pertenezca a MIRA DROR mediante la t\u00e9cnica denominada \u00abframing\u00bb a no ser que cuente con el expreso consentimiento por escrito de MIRA DROR &#8211; La inserci\u00f3n de una imagen difundida en el WEBSITE en una p\u00e1gina o base de datos, no perteneciente a MIRA DROR, mediante la t\u00e9cnica denominada \u00abin line linking\u00bb si ello no cuenta con la expresa autorizaci\u00f3n de MIRA DROR. Todos los nombres comerciales, marcas o signos distintivos, logotipos, s\u00edmbolos, marca figurativas o nominativas que aparecen en el sitio web pertenecen a MIRA DROR o dispone del derecho de uso sobre las mismas y se encuentran protegidos por la legislaci\u00f3n vigente al respecto.<\/p>\n\n\n\n<p>7) <strong>Acerca de los precios publicados<\/strong>: Los precios publicados en la tienda son expresados en Pesos Argentinos v\u00e1lidos para todo el territorio argentino. Los mismo son precios al consumidor final y no incluyen envio. Los costos de envio depender\u00e1 de la modalidad de entrega y de la localidad de destino. Mira Dror se reserva el derecho a modificar los precios como las formas de pago sin previo aviso.<\/p>\n\n\n\n<p>8) <strong>Garantia de satisfacci\u00f3n:<\/strong> Dado que los productos de Mira Dror son de venta asesorada a trav\u00e9s de profesionales la compra de nuestros productos a trav\u00e9s de la tienda oficial no reemplaza ni iguala la conveniencia de tener una diagn\u00f3stico de piel profesional mediante la visita a una PROFESIONAL AVALADA MIRA DROR y de seguir all\u00ed un tratamientos de control en gabinete con el apoyo domiciliario correspondiente. Es por esto que MIRA DROR no puede dar una garant\u00eda de \u201cresultado satisfactorio\u201d a trav\u00e9s de la compra en nuestra tienda.<\/p>\n\n\n\n<p>9) <strong>Responsabilidad por el mal uso de los productos y su forma de conservaci\u00f3n<\/strong>: Laboratorio Mira Dror no se responsabiliza por el uso indebido de los productos comercializados en nuestra tienda. Para evitar posibles perjuicios a la salud por favor lea atentamente las recomendaciones de uso, cuidados y advertencias. Antes cualquier duda envienos su consulta o consulte con su profesional de confianza.<\/p>\n\n\n\n<p>10) <strong>Contaminaci\u00f3n e higiene:<\/strong> Todos los productos ofrecidos en nuestra tienda son elaborados y envasados en origen. Mira Dror no se har\u00e1 responsable por las consecuencias de higiene y\/ o contaminaci\u00f3n en el producto que pudieran ocasionarle el trasavasado a otro recipiente que no haya sido esterilizado correctamente.<\/p>\n\n\n\n<p>11) <strong>Rutura de los envases en ocasi\u00f3n del envio:<\/strong> Laboratorio Mira Dror no se responsabiliza por ruturas en los envases ocasionados por mala manipulaci\u00f3n y \/o traslado de los mismos en ocasi\u00f3n del envio desde nuestro establecimiento a su lugar de destino.<\/p>\n\n\n\n<p>12). <strong>Foto producto:<\/strong> Las im\u00e1genes de nuestros productos presentes en la tienda pueden diferirse con las presentaci\u00f3n de nuestros productos al momento de su pedido. Al respecto Mira Dror garantiza la calidad y cantidad del producto pero no as\u00ed el aspecto del envase ya que los envases al tratarse de objetos importados pueden estar en falta y ser reemplazados por otro de calidad y funcionalidad similar.<\/p>\n\n\n\n<p>13) <strong>Reclamos, reembolso o devoluciones<\/strong>: En caso de recibir un producto y no estar conforme con lo recibido y desea gestionar la devoluci\u00f3n, reembolso o cambio le vamos a solicitar que se ponga en contacto con nostros por cualquier de los canales de comunicaci\u00f3n ofrecidos en nuestra tienda.<\/p>\n","protected":false},"excerpt":{"rendered":"<p>LABORATORIO MIRA DROR S.A. &nbsp;respecto del presente sitio web cuyo dominio le pertenece, garantiza mediante este aviso la privacidad de los datos personales e informa acerca de su pol\u00edtica de protecci\u00f3n de datos de car\u00e1cter personal para que los usuarios determinen libre y voluntariamente si desean facilitar sus datos personales a trav\u00e9s del formulario electr\u00f3nico [&#8230;]\n","protected":false},"author":1,"featured_media":0,"parent":0,"menu_order":0,"comment_status":"closed","ping_status":"closed","template":"","meta":{"_joinchat":[],"footnotes":""},"class_list":["post-7397","page","type-page","status-publish","hentry"],"jetpack_sharing_enabled":true,"_links":{"self":[{"href":"https:\/\/boutiquemiradror.com\/mdw\/wp-json\/wp\/v2\/pages\/7397","targetHints":{"allow":["GET"]}}],"collection":[{"href":"https:\/\/boutiquemiradror.com\/mdw\/wp-json\/wp\/v2\/pages"}],"about":[{"href":"https:\/\/boutiquemiradror.com\/mdw\/wp-json\/wp\/v2\/types\/page"}],"author":[{"embeddable":true,"href":"https:\/\/boutiquemiradror.com\/mdw\/wp-json\/wp\/v2\/users\/1"}],"replies":[{"embeddable":true,"href":"https:\/\/boutiquemiradror.com\/mdw\/wp-json\/wp\/v2\/comments?post=7397"}],"version-history":[{"count":1,"href":"https:\/\/boutiquemiradror.com\/mdw\/wp-json\/wp\/v2\/pages\/7397\/revisions"}],"predecessor-version":[{"id":7398,"href":"https:\/\/boutiquemiradror.com\/mdw\/wp-json\/wp\/v2\/pages\/7397\/revisions\/7398"}],"wp:attachment":[{"href":"https:\/\/boutiquemiradror.com\/mdw\/wp-json\/wp\/v2\/media?parent=7397"}],"curies":[{"name":"wp","href":"https:\/\/api.w.org\/{rel}","templated":true}]}}