{"id":3505,"date":"2021-09-08T19:52:38","date_gmt":"2021-09-08T22:52:38","guid":{"rendered":"https:\/\/boutiquemiradror.com\/mdw\/producto\/emulsion-multi-defense-system\/"},"modified":"2022-12-13T15:35:17","modified_gmt":"2022-12-13T18:35:17","slug":"emulsion-multi-defense-system","status":"publish","type":"product","link":"https:\/\/boutiquemiradror.com\/mdw\/producto\/emulsion-multi-defense-system\/","title":{"rendered":"Emulsi\u00f3n Multi Defense System"},"content":{"rendered":"<p>Sistema de protecci\u00f3n perfecta para pieles j\u00f3venes y sensibles.<\/p>\n<p>Tratamiento multifuncional reparador.<\/p>\n<p>&nbsp;<\/p>\n<p><strong>\u00a0<\/strong><\/p>\n","protected":false},"excerpt":{"rendered":"<div class=\"row row-divided\"  id=\"row-1230007254\">\n\n\t<div id=\"col-1526641485\" class=\"col medium-1\/4 large-3\"  >\n\t\t<div class=\"col-inner\"  >\n\t\t\t\n\t\t\t\n\n\t\t<div class=\"icon-box featured-box icon-box-center text-center\"  >\n\t\t\t\t\t<div class=\"icon-box-img\" style=\"width: 60px\">\n\t\t\t\t<div class=\"icon\">\n\t\t\t\t\t<div class=\"icon-inner\" >\n\t\t\t\t\t\t<img decoding=\"async\" src=\"https:\/\/boutiquemiradror.com\/mdw\/wp-content\/uploads\/2021\/09\/aclarante-iluminacion.png\" alt=\"\" \/>\t\t\t\t\t<\/div>\n\t\t\t\t<\/div>\n\t\t\t<\/div>\n\t\t\t\t<div class=\"icon-box-text last-reset\">\n\t\t\t\t\t\t\t\t\t\n<p>Protector de uso diurno Multifuncional<\/p>\n\t\t<\/div>\n\t<\/div>\n\t\n\t\n\t\t<\/div>\n\t\t\t<\/div>\n\n\t\n\n\t<div id=\"col-245205137\" class=\"col medium-1\/4 large-3\"  >\n\t\t<div class=\"col-inner\"  >\n\t\t\t\n\t\t\t\n\n\t\t<div class=\"icon-box featured-box icon-box-center text-center\"  >\n\t\t\t\t\t<div class=\"icon-box-img\" style=\"width: 60px\">\n\t\t\t\t<div class=\"icon\">\n\t\t\t\t\t<div class=\"icon-inner\" >\n\t\t\t\t\t\t<img decoding=\"async\" src=\"https:\/\/boutiquemiradror.com\/mdw\/wp-content\/uploads\/2021\/09\/reloj.png\" alt=\"\" \/>\t\t\t\t\t<\/div>\n\t\t\t\t<\/div>\n\t\t\t<\/div>\n\t\t\t\t<div class=\"icon-box-text last-reset\">\n\t\t\t\t\t\t\t\t\t\n<p>Antiage<\/p>\n\t\t<\/div>\n\t<\/div>\n\t\n\t\n\t\t<\/div>\n\t\t\t<\/div>\n\n\t\n\n\t<div id=\"col-1268658741\" class=\"col medium-1\/4 large-3\"  >\n\t\t<div class=\"col-inner\"  >\n\t\t\t\n\t\t\t\n\n\t\t<div class=\"icon-box featured-box icon-box-center text-center\"  >\n\t\t\t\t\t<div class=\"icon-box-img\" style=\"width: 60px\">\n\t\t\t\t<div class=\"icon\">\n\t\t\t\t\t<div class=\"icon-inner\" >\n\t\t\t\t\t\t<img decoding=\"async\" src=\"https:\/\/boutiquemiradror.com\/mdw\/wp-content\/uploads\/2021\/09\/corrector.png\" alt=\"\" \/>\t\t\t\t\t<\/div>\n\t\t\t\t<\/div>\n\t\t\t<\/div>\n\t\t\t\t<div class=\"icon-box-text last-reset\">\n\t\t\t\t\t\t\t\t\t\n<p>Descongestivo para pieles jovenes y sensibles<\/p>\n\t\t<\/div>\n\t<\/div>\n\t\n\t\n\t\t<\/div>\n\t\t\t<\/div>\n\n\t\n\n\t<div id=\"col-1594521933\" class=\"col medium-1\/4 large-3\"  >\n\t\t<div class=\"col-inner\"  >\n\t\t\t\n\t\t\t\n\n\t\t<div class=\"icon-box featured-box icon-box-center text-center\"  >\n\t\t\t\t\t<div class=\"icon-box-img\" style=\"width: 60px\">\n\t\t\t\t<div class=\"icon\">\n\t\t\t\t\t<div class=\"icon-inner\" >\n\t\t\t\t\t\t<img decoding=\"async\" src=\"https:\/\/boutiquemiradror.com\/mdw\/wp-content\/uploads\/2021\/09\/bronceador-post-solar.png\" alt=\"\" \/>\t\t\t\t\t<\/div>\n\t\t\t\t<\/div>\n\t\t\t<\/div>\n\t\t\t\t<div class=\"icon-box-text last-reset\">\n\t\t\t\t\t\t\t\t\t\n<p>Con contiene Parabenos. Apto Cel\u00edacos<\/p>\n\t\t<\/div>\n\t<\/div>\n\t\n\t\n\t\t<\/div>\n\t\t\t<\/div>\n\n\t\n<\/div>\n","protected":false},"featured_media":1663,"template":"","meta":{"_joinchat":[]},"product_brand":[],"product_cat":[729,650,820,696,690,655,741,740,664,689,776],"product_tag":[644,646,692,647,678,697,691],"class_list":{"0":"post-3505","1":"product","2":"type-product","3":"status-publish","4":"has-post-thumbnail","6":"product_cat-arrugas-de-expresion","7":"product_cat-corrector-de-imperfecciones","8":"product_cat-cuidado-facial-piel-joven","9":"product_cat-formula-facial-masculinos","10":"product_cat-formula-facial-pieles-reactivas-con-hipersensibilidad","11":"product_cat-hidratante","12":"product_cat-lifting-effect-antiage","13":"product_cat-lifting-effect","14":"product_cat-masculinos","15":"product_cat-pieles-reactivas-con-hipersensibilidad","16":"product_cat-rosacea","17":"product_tag-antiage","18":"product_tag-arrugas-verticales","19":"product_tag-descongestiva","20":"product_tag-lineas-de-expresion","21":"product_tag-protector-de-la-agresion-ambiental","22":"product_tag-regenerador","23":"product_tag-rosacea","24":"pa_tipo-de-producto-emulsion-liviana","25":"pa_tipos-de-piel-extra-sensible-delicado","26":"pa_tipos-de-piel-joven","27":"pa_tipos-de-piel-sensible-delicado","29":"first","30":"instock","31":"purchasable","32":"product-type-simple"},"jetpack_sharing_enabled":true,"_links":{"self":[{"href":"https:\/\/boutiquemiradror.com\/mdw\/wp-json\/wp\/v2\/product\/3505","targetHints":{"allow":["GET"]}}],"collection":[{"href":"https:\/\/boutiquemiradror.com\/mdw\/wp-json\/wp\/v2\/product"}],"about":[{"href":"https:\/\/boutiquemiradror.com\/mdw\/wp-json\/wp\/v2\/types\/product"}],"wp:featuredmedia":[{"embeddable":true,"href":"https:\/\/boutiquemiradror.com\/mdw\/wp-json\/wp\/v2\/media\/1663"}],"wp:attachment":[{"href":"https:\/\/boutiquemiradror.com\/mdw\/wp-json\/wp\/v2\/media?parent=3505"}],"wp:term":[{"taxonomy":"product_brand","embeddable":true,"href":"https:\/\/boutiquemiradror.com\/mdw\/wp-json\/wp\/v2\/product_brand?post=3505"},{"taxonomy":"product_cat","embeddable":true,"href":"https:\/\/boutiquemiradror.com\/mdw\/wp-json\/wp\/v2\/product_cat?post=3505"},{"taxonomy":"product_tag","embeddable":true,"href":"https:\/\/boutiquemiradror.com\/mdw\/wp-json\/wp\/v2\/product_tag?post=3505"}],"curies":[{"name":"wp","href":"https:\/\/api.w.org\/{rel}","templated":true}]}}