{"id":3507,"date":"2021-09-08T19:52:41","date_gmt":"2021-09-08T22:52:41","guid":{"rendered":"https:\/\/boutiquemiradror.com\/mdw\/producto\/emulsion-even-more\/"},"modified":"2022-12-13T15:11:09","modified_gmt":"2022-12-13T18:11:09","slug":"emulsion-even-more","status":"publish","type":"product","link":"https:\/\/boutiquemiradror.com\/mdw\/producto\/emulsion-even-more\/","title":{"rendered":"Emulsi\u00f3n Even More"},"content":{"rendered":"<p>Protecci\u00f3n invisible de las c\u00e9lulas madre.<\/p>\n<p>Antioxidante, iluminador, aclara manchas e imperfecciones cut\u00e1neas.<\/p>\n<p><strong>\u00a0<\/strong><\/p>\n","protected":false},"excerpt":{"rendered":"<div class=\"row row-divided\"  id=\"row-39799919\">\n\n\t<div id=\"col-1797215134\" class=\"col medium-1\/4 large-3\"  >\n\t\t<div class=\"col-inner\"  >\n\t\t\t\n\t\t\t\n\n\t\t<div class=\"icon-box featured-box icon-box-center text-center\"  >\n\t\t\t\t\t<div class=\"icon-box-img\" style=\"width: 60px\">\n\t\t\t\t<div class=\"icon\">\n\t\t\t\t\t<div class=\"icon-inner\" >\n\t\t\t\t\t\t<img decoding=\"async\" src=\"https:\/\/boutiquemiradror.com\/mdw\/wp-content\/uploads\/2021\/09\/aclarante-iluminacion.png\" alt=\"\" \/>\t\t\t\t\t<\/div>\n\t\t\t\t<\/div>\n\t\t\t<\/div>\n\t\t\t\t<div class=\"icon-box-text last-reset\">\n\t\t\t\t\t\t\t\t\t\n<p>Protecci\u00f3n diurna<\/p>\n\t\t<\/div>\n\t<\/div>\n\t\n\t\n\t\t<\/div>\n\t\t\t<\/div>\n\n\t\n\n\t<div id=\"col-432972640\" class=\"col medium-1\/4 large-3\"  >\n\t\t<div class=\"col-inner\"  >\n\t\t\t\n\t\t\t\n\n\t\t<div class=\"icon-box featured-box icon-box-center text-center\"  >\n\t\t\t\t\t<div class=\"icon-box-img\" style=\"width: 60px\">\n\t\t\t\t<div class=\"icon\">\n\t\t\t\t\t<div class=\"icon-inner\" >\n\t\t\t\t\t\t<img decoding=\"async\" src=\"https:\/\/boutiquemiradror.com\/mdw\/wp-content\/uploads\/2021\/09\/anti-oxidante.png\" alt=\"\" \/>\t\t\t\t\t<\/div>\n\t\t\t\t<\/div>\n\t\t\t<\/div>\n\t\t\t\t<div class=\"icon-box-text last-reset\">\n\t\t\t\t\t\t\t\t\t\n<p>Antiage &#8211; Previene el fotoenvejecimiento<\/p>\n\t\t<\/div>\n\t<\/div>\n\t\n\t\n\t\t<\/div>\n\t\t\t<\/div>\n\n\t\n\n\t<div id=\"col-1153956608\" class=\"col medium-1\/4 large-3\"  >\n\t\t<div class=\"col-inner\"  >\n\t\t\t\n\t\t\t\n\n\t\t<div class=\"icon-box featured-box icon-box-center text-center\"  >\n\t\t\t\t\t<div class=\"icon-box-img\" style=\"width: 60px\">\n\t\t\t\t<div class=\"icon\">\n\t\t\t\t\t<div class=\"icon-inner\" >\n\t\t\t\t\t\t<img decoding=\"async\" src=\"https:\/\/boutiquemiradror.com\/mdw\/wp-content\/uploads\/2021\/09\/corrector.png\" alt=\"\" \/>\t\t\t\t\t<\/div>\n\t\t\t\t<\/div>\n\t\t\t<\/div>\n\t\t\t\t<div class=\"icon-box-text last-reset\">\n\t\t\t\t\t\t\t\t\t\n<p>Lighting effect &#8211; iluminador<\/p>\n\t\t<\/div>\n\t<\/div>\n\t\n\t\n\t\t<\/div>\n\t\t\t<\/div>\n\n\t\n\n\t<div id=\"col-936970838\" class=\"col medium-1\/4 large-3\"  >\n\t\t<div class=\"col-inner\"  >\n\t\t\t\n\t\t\t\n\n\t\t<div class=\"icon-box featured-box icon-box-center text-center\"  >\n\t\t\t\t\t<div class=\"icon-box-img\" style=\"width: 60px\">\n\t\t\t\t<div class=\"icon\">\n\t\t\t\t\t<div class=\"icon-inner\" >\n\t\t\t\t\t\t<img decoding=\"async\" src=\"https:\/\/boutiquemiradror.com\/mdw\/wp-content\/uploads\/2021\/09\/bronceador-post-solar.png\" alt=\"\" \/>\t\t\t\t\t<\/div>\n\t\t\t\t<\/div>\n\t\t\t<\/div>\n\t\t\t\t<div class=\"icon-box-text last-reset\">\n\t\t\t\t\t\t\t\t\t\n<p>No contiene parabenos. Apto Cel\u00edacos<\/p>\n\t\t<\/div>\n\t<\/div>\n\t\n\t\n\t\t<\/div>\n\t\t\t<\/div>\n\n\t\n<\/div>\n","protected":false},"featured_media":3678,"template":"","meta":{"_joinchat":[]},"product_brand":[],"product_cat":[639,640,641],"product_tag":[700,644,643,670,652,678,648],"class_list":{"0":"post-3507","1":"product","2":"type-product","3":"status-publish","4":"has-post-thumbnail","6":"product_cat-antiage","7":"product_cat-formula-facial","8":"product_cat-piel-joven","9":"product_tag-aclarante","10":"product_tag-antiage","11":"product_tag-antioxidante","12":"product_tag-corrector","13":"product_tag-iluminador","14":"product_tag-protector-de-la-agresion-ambiental","15":"product_tag-reparador-nocturno","16":"pa_tipo-de-producto-emulsion-aterciopelada","17":"pa_tipos-de-piel-graso","18":"pa_tipos-de-piel-joven","19":"pa_tipos-de-piel-maduro","20":"pa_tipos-de-piel-mixto","21":"pa_tipos-de-piel-normal","22":"pa_tipos-de-piel-seco","23":"pa_tipos-de-piel-sensible-delicado","25":"first","26":"instock","27":"purchasable","28":"product-type-simple"},"jetpack_sharing_enabled":true,"_links":{"self":[{"href":"https:\/\/boutiquemiradror.com\/mdw\/wp-json\/wp\/v2\/product\/3507","targetHints":{"allow":["GET"]}}],"collection":[{"href":"https:\/\/boutiquemiradror.com\/mdw\/wp-json\/wp\/v2\/product"}],"about":[{"href":"https:\/\/boutiquemiradror.com\/mdw\/wp-json\/wp\/v2\/types\/product"}],"wp:featuredmedia":[{"embeddable":true,"href":"https:\/\/boutiquemiradror.com\/mdw\/wp-json\/wp\/v2\/media\/3678"}],"wp:attachment":[{"href":"https:\/\/boutiquemiradror.com\/mdw\/wp-json\/wp\/v2\/media?parent=3507"}],"wp:term":[{"taxonomy":"product_brand","embeddable":true,"href":"https:\/\/boutiquemiradror.com\/mdw\/wp-json\/wp\/v2\/product_brand?post=3507"},{"taxonomy":"product_cat","embeddable":true,"href":"https:\/\/boutiquemiradror.com\/mdw\/wp-json\/wp\/v2\/product_cat?post=3507"},{"taxonomy":"product_tag","embeddable":true,"href":"https:\/\/boutiquemiradror.com\/mdw\/wp-json\/wp\/v2\/product_tag?post=3507"}],"curies":[{"name":"wp","href":"https:\/\/api.w.org\/{rel}","templated":true}]}}