{"id":3550,"date":"2021-09-08T19:52:47","date_gmt":"2021-09-08T22:52:47","guid":{"rendered":"https:\/\/boutiquemiradror.com\/mdw\/producto\/fps-factor-de-proteccion-solar-50\/"},"modified":"2022-12-13T13:46:23","modified_gmt":"2022-12-13T16:46:23","slug":"fps-factor-de-proteccion-solar-50","status":"publish","type":"product","link":"https:\/\/boutiquemiradror.com\/mdw\/producto\/fps-factor-de-proteccion-solar-50\/","title":{"rendered":"FPS (Factor Protecci\u00f3n Solar) 50+"},"content":{"rendered":"<p>\u00cdNDICE DE PROTECCI\u00d3N ALTA FRENTE A LOS RAYOS UVB UVA<\/p>\n<p>M\u00e1xima protecci\u00f3n UVB UVA-PF\/SPF&gt;1\/3<\/p>\n","protected":false},"excerpt":{"rendered":"<div class=\"row row-divided\"  id=\"row-2130594411\">\n\n\t<div id=\"col-1790268579\" class=\"col medium-1\/4 large-3\"  >\n\t\t<div class=\"col-inner\"  >\n\t\t\t\n\t\t\t\n\n\t\t<div class=\"icon-box featured-box icon-box-center text-center\"  >\n\t\t\t\t\t<div class=\"icon-box-img\" style=\"width: 60px\">\n\t\t\t\t<div class=\"icon\">\n\t\t\t\t\t<div class=\"icon-inner\" >\n\t\t\t\t\t\t<img decoding=\"async\" src=\"https:\/\/boutiquemiradror.com\/mdw\/wp-content\/uploads\/2021\/09\/aclarante-iluminacion.png\" alt=\"\" \/>\t\t\t\t\t<\/div>\n\t\t\t\t<\/div>\n\t\t\t<\/div>\n\t\t\t\t<div class=\"icon-box-text last-reset\">\n\t\t\t\t\t\t\t\t\t\n<p>M\u00e1xima protecci\u00f3n SOLAR 50+ UVB UVA-PF\/SPF&gt;1\/3<\/p>\n\t\t<\/div>\n\t<\/div>\n\t\n\t\n\t\t<\/div>\n\t\t\t<\/div>\n\n\t\n\n\t<div id=\"col-713741560\" class=\"col medium-1\/4 large-3\"  >\n\t\t<div class=\"col-inner\"  >\n\t\t\t\n\t\t\t\n\n\t\t<div class=\"icon-box featured-box icon-box-center text-center\"  >\n\t\t\t\t\t<div class=\"icon-box-img\" style=\"width: 60px\">\n\t\t\t\t<div class=\"icon\">\n\t\t\t\t\t<div class=\"icon-inner\" >\n\t\t\t\t\t\t<img decoding=\"async\" src=\"https:\/\/boutiquemiradror.com\/mdw\/wp-content\/uploads\/2021\/09\/ultra-hidratante.png\" alt=\"\" \/>\t\t\t\t\t<\/div>\n\t\t\t\t<\/div>\n\t\t\t<\/div>\n\t\t\t\t<div class=\"icon-box-text last-reset\">\n\t\t\t\t\t\t\t\t\t\n<p>Indicado para todo tipo de piel &#8211; Water proof<\/p>\n\t\t<\/div>\n\t<\/div>\n\t\n\t\n\t\t<\/div>\n\t\t\t<\/div>\n\n\t\n\n\t<div id=\"col-117140703\" class=\"col medium-1\/4 large-3\"  >\n\t\t<div class=\"col-inner\"  >\n\t\t\t\n\t\t\t\n\n\t\t<div class=\"icon-box featured-box icon-box-center text-center\"  >\n\t\t\t\t\t<div class=\"icon-box-img\" style=\"width: 60px\">\n\t\t\t\t<div class=\"icon\">\n\t\t\t\t\t<div class=\"icon-inner\" >\n\t\t\t\t\t\t<img decoding=\"async\" src=\"https:\/\/boutiquemiradror.com\/mdw\/wp-content\/uploads\/2021\/09\/descongestivos.png\" alt=\"\" \/>\t\t\t\t\t<\/div>\n\t\t\t\t<\/div>\n\t\t\t<\/div>\n\t\t\t\t<div class=\"icon-box-text last-reset\">\n\t\t\t\t\t\t\t\t\t\n<p>Excelente adherencia film\u00f3gena. Filtros de origen aleman con calidad Mira Dror<\/p>\n\t\t<\/div>\n\t<\/div>\n\t\n\t\n\t\t<\/div>\n\t\t\t<\/div>\n\n\t\n\n\t<div id=\"col-2062399436\" class=\"col medium-1\/4 large-3\"  >\n\t\t<div class=\"col-inner\"  >\n\t\t\t\n\t\t\t\n\n\t\t<div class=\"icon-box featured-box icon-box-center text-center\"  >\n\t\t\t\t\t<div class=\"icon-box-img\" style=\"width: 60px\">\n\t\t\t\t<div class=\"icon\">\n\t\t\t\t\t<div class=\"icon-inner\" >\n\t\t\t\t\t\t<img decoding=\"async\" src=\"https:\/\/boutiquemiradror.com\/mdw\/wp-content\/uploads\/2021\/09\/bronceador-post-solar.png\" alt=\"\" \/>\t\t\t\t\t<\/div>\n\t\t\t\t<\/div>\n\t\t\t<\/div>\n\t\t\t\t<div class=\"icon-box-text last-reset\">\n\t\t\t\t\t\t\t\t\t\n<p>Oil Free. No contiene Parabenos. Apto Cel\u00edacos.<\/p>\n\t\t<\/div>\n\t<\/div>\n\t\n\t\n\t\t<\/div>\n\t\t\t<\/div>\n\n\t\n<\/div>\n","protected":false},"featured_media":2167,"template":"","meta":{"_joinchat":[]},"product_brand":[],"product_cat":[681,682],"product_tag":[],"class_list":{"0":"post-3550","1":"product","2":"type-product","3":"status-publish","4":"has-post-thumbnail","6":"product_cat-productos-solares","7":"product_cat-protectores-uva-uvb-con-filtro-solar","8":"pa_tipo-de-producto-textura-filmogena","9":"pa_tipos-de-piel-minima-oleosidad-e-incoloro","10":"pa_tipos-de-piel-todo-tipo-de-piel","12":"first","13":"instock","14":"purchasable","15":"product-type-simple"},"jetpack_sharing_enabled":true,"_links":{"self":[{"href":"https:\/\/boutiquemiradror.com\/mdw\/wp-json\/wp\/v2\/product\/3550","targetHints":{"allow":["GET"]}}],"collection":[{"href":"https:\/\/boutiquemiradror.com\/mdw\/wp-json\/wp\/v2\/product"}],"about":[{"href":"https:\/\/boutiquemiradror.com\/mdw\/wp-json\/wp\/v2\/types\/product"}],"wp:featuredmedia":[{"embeddable":true,"href":"https:\/\/boutiquemiradror.com\/mdw\/wp-json\/wp\/v2\/media\/2167"}],"wp:attachment":[{"href":"https:\/\/boutiquemiradror.com\/mdw\/wp-json\/wp\/v2\/media?parent=3550"}],"wp:term":[{"taxonomy":"product_brand","embeddable":true,"href":"https:\/\/boutiquemiradror.com\/mdw\/wp-json\/wp\/v2\/product_brand?post=3550"},{"taxonomy":"product_cat","embeddable":true,"href":"https:\/\/boutiquemiradror.com\/mdw\/wp-json\/wp\/v2\/product_cat?post=3550"},{"taxonomy":"product_tag","embeddable":true,"href":"https:\/\/boutiquemiradror.com\/mdw\/wp-json\/wp\/v2\/product_tag?post=3550"}],"curies":[{"name":"wp","href":"https:\/\/api.w.org\/{rel}","templated":true}]}}