{"id":7584,"date":"2021-11-01T10:43:47","date_gmt":"2021-11-01T13:43:47","guid":{"rendered":"https:\/\/boutiquemiradror.com\/mdw\/?post_type=product&#038;p=7584"},"modified":"2022-12-13T13:06:16","modified_gmt":"2022-12-13T16:06:16","slug":"emulsion-corporal-tatuyi","status":"publish","type":"product","link":"https:\/\/boutiquemiradror.com\/mdw\/producto\/emulsion-corporal-tatuyi\/","title":{"rendered":"Emulsi\u00f3n corporal TATUYI"},"content":{"rendered":"<p><em><strong>Emulsi\u00f3n Ultra Descongestiva<\/strong><\/em><\/p>\n<p>Calmante de la piel irritada por \u00a0proceso de pigmentaci\u00f3n,<\/p>\n<p>mejora la cicatrizaci\u00f3n a partir de equilibrar y fortalecer el sistema inmune, logra\u00a0 as\u00ed una mejor retenci\u00f3n del pigmento.<\/p>\n<p>Disminuye la sensibilidad y picor de la piel.<\/p>\n<p><strong><em>Popiedades: Cicatrizante, hidratante, calmante<\/em><\/strong><\/p>\n<p><strong>\u00bfESTA INDICADO PARA MI PIEL?<\/strong><\/p>\n<p>Ideal para vos que necesitas hidratar y recuperar la piel post tatuaje o cualquier procedimiento similar de pigmentaci\u00f3n, lo aplicas hasta 3 veces por 7 a 10 d\u00edas y tendr\u00e1s una cicatrizaci\u00f3n \u00f3ptima con una mayor retenci\u00f3n del pigmento<\/p>\n<p><strong>ACTIVOS:<\/strong> Magnesium Carboy Methyl Betaglucan \/ Boswellia Serrata \/ Aloe Vera<\/p>\n<p><strong>Presentaci\u00f3n: 150 GR.<\/strong><\/p>\n","protected":false},"excerpt":{"rendered":"<p>Emulsi\u00f3n Ultra Descongestiva Calmante de la piel irritada por \u00a0proceso de pigmentaci\u00f3n, mejora la cicatrizaci\u00f3n a partir de equilibrar y fortalecer el sistema inmune, logra\u00a0 as\u00ed una mejor retenci\u00f3n del pigmento. Disminuye la sensibilidad y picor de la piel. Popiedades: Cicatrizante, hidratante, calmante \u00bfESTA INDICADO PARA MI PIEL? Ideal para vos que necesitas hidratar y [&#8230;]\n","protected":false},"featured_media":7588,"template":"","meta":{"_joinchat":[]},"product_brand":[],"product_cat":[784,788,657,781,664,659,706,815,1006],"product_tag":[],"class_list":{"0":"post-7584","1":"product","2":"type-product","3":"status-publish","4":"has-post-thumbnail","6":"product_cat-corporales","7":"product_cat-cuidado-corporal","8":"product_cat-descongestiva","9":"product_cat-hidratante-masculinos","10":"product_cat-masculinos","11":"product_cat-para-el-rostro","12":"product_cat-protector-de-la-agresion-externa-masculinos","13":"product_cat-regenerador-celular","14":"product_cat-tratamiento-post-tauaje","16":"first","17":"instock","18":"taxable","19":"shipping-taxable","20":"purchasable","21":"product-type-simple"},"jetpack_sharing_enabled":true,"_links":{"self":[{"href":"https:\/\/boutiquemiradror.com\/mdw\/wp-json\/wp\/v2\/product\/7584","targetHints":{"allow":["GET"]}}],"collection":[{"href":"https:\/\/boutiquemiradror.com\/mdw\/wp-json\/wp\/v2\/product"}],"about":[{"href":"https:\/\/boutiquemiradror.com\/mdw\/wp-json\/wp\/v2\/types\/product"}],"wp:featuredmedia":[{"embeddable":true,"href":"https:\/\/boutiquemiradror.com\/mdw\/wp-json\/wp\/v2\/media\/7588"}],"wp:attachment":[{"href":"https:\/\/boutiquemiradror.com\/mdw\/wp-json\/wp\/v2\/media?parent=7584"}],"wp:term":[{"taxonomy":"product_brand","embeddable":true,"href":"https:\/\/boutiquemiradror.com\/mdw\/wp-json\/wp\/v2\/product_brand?post=7584"},{"taxonomy":"product_cat","embeddable":true,"href":"https:\/\/boutiquemiradror.com\/mdw\/wp-json\/wp\/v2\/product_cat?post=7584"},{"taxonomy":"product_tag","embeddable":true,"href":"https:\/\/boutiquemiradror.com\/mdw\/wp-json\/wp\/v2\/product_tag?post=7584"}],"curies":[{"name":"wp","href":"https:\/\/api.w.org\/{rel}","templated":true}]}}