{"id":7657,"date":"2021-11-15T14:05:47","date_gmt":"2021-11-15T17:05:47","guid":{"rendered":"https:\/\/boutiquemiradror.com\/mdw\/?post_type=product&#038;p=7657"},"modified":"2022-12-13T13:05:28","modified_gmt":"2022-12-13T16:05:28","slug":"orquidea-de-invierno","status":"publish","type":"product","link":"https:\/\/boutiquemiradror.com\/mdw\/producto\/orquidea-de-invierno\/","title":{"rendered":"Orqu\u00eddea de Invierno"},"content":{"rendered":"<p><strong>Estrategia \u201cluxus\u201d de hidrataci\u00f3n con Acido Hialur\u00f3nico liposomado Beneficios: \u2022Hidrataci\u00f3n intensa y reparaci\u00f3n para pieles sensibles<\/strong><\/p>\n<p>Beneficios:<\/p>\n<ul>\n<li><em><strong>Hidrataci\u00f3n intensa y reparaci\u00f3n para pieles sensibles\u00a0<\/strong><\/em><\/li>\n<li><em><strong>Forma sobre la piel un film semi-oclusivo barrera, regenerador y protec-tor de la agresi\u00f3n ambiental<\/strong><\/em><\/li>\n<li><em><strong> Hidratante: El 80% del agua est\u00e1 disponible en micelas transportadas que llegan a la piel y aportan hidrataci\u00f3n intensa hacia el interior <\/strong><\/em><\/li>\n<li><em><strong>Retrasa el paso del tiempo\u2022 Exquisita textura aterciopelada de acabado mate<\/strong><\/em><\/li>\n<\/ul>\n<p>Contiene:<\/p>\n<p><em>Boswellia Serrata y Hyaluronic Acid biosin-tetizado de bajo Peso molecular Boswellia Serrata: Anti-aging ideal para piel sensible. Calma irritaciones agudas y cr\u00f3nicas. Ayuda a mejorar la funci\u00f3n barrera de la piel mediante la regulaci\u00f3n de la descamaci\u00f3n. Hyaluronic Acid (LMW-HMW): Nueva generaci\u00f3n de Acido Hialur\u00f3nico que activa receptores sensoriales pro opioides \u201cCool effect\u201d generando un efecto de hidrataci\u00f3n profunda y frescura inmediata<\/em><\/p>\n","protected":false},"excerpt":{"rendered":"<p>Estrategia \u201cluxus\u201d de hidrataci\u00f3n con Acido Hialur\u00f3nico liposomado Beneficios: \u2022Hidrataci\u00f3n intensa y reparaci\u00f3n para pieles sensibles Beneficios: Hidrataci\u00f3n intensa y reparaci\u00f3n para pieles sensibles\u00a0 Forma sobre la piel un film semi-oclusivo barrera, regenerador y protec-tor de la agresi\u00f3n ambiental Hidratante: El 80% del agua est\u00e1 disponible en micelas transportadas que llegan a la piel y [&#8230;]\n","protected":false},"featured_media":7658,"template":"","meta":{"_joinchat":[]},"product_brand":[],"product_cat":[649,659,642,689,705,706,779,676],"product_tag":[],"class_list":{"0":"post-7657","1":"product","2":"type-product","3":"status-publish","4":"has-post-thumbnail","6":"product_cat-faciales","7":"product_cat-para-el-rostro","8":"product_cat-piel-madura","9":"product_cat-pieles-reactivas-con-hipersensibilidad","10":"product_cat-protector-de-la-agresion-externa","11":"product_cat-protector-de-la-agresion-externa-masculinos","12":"product_cat-regeneradores","13":"product_cat-ultra-hidratante","15":"first","16":"instock","17":"taxable","18":"shipping-taxable","19":"purchasable","20":"product-type-simple"},"jetpack_sharing_enabled":true,"_links":{"self":[{"href":"https:\/\/boutiquemiradror.com\/mdw\/wp-json\/wp\/v2\/product\/7657","targetHints":{"allow":["GET"]}}],"collection":[{"href":"https:\/\/boutiquemiradror.com\/mdw\/wp-json\/wp\/v2\/product"}],"about":[{"href":"https:\/\/boutiquemiradror.com\/mdw\/wp-json\/wp\/v2\/types\/product"}],"wp:featuredmedia":[{"embeddable":true,"href":"https:\/\/boutiquemiradror.com\/mdw\/wp-json\/wp\/v2\/media\/7658"}],"wp:attachment":[{"href":"https:\/\/boutiquemiradror.com\/mdw\/wp-json\/wp\/v2\/media?parent=7657"}],"wp:term":[{"taxonomy":"product_brand","embeddable":true,"href":"https:\/\/boutiquemiradror.com\/mdw\/wp-json\/wp\/v2\/product_brand?post=7657"},{"taxonomy":"product_cat","embeddable":true,"href":"https:\/\/boutiquemiradror.com\/mdw\/wp-json\/wp\/v2\/product_cat?post=7657"},{"taxonomy":"product_tag","embeddable":true,"href":"https:\/\/boutiquemiradror.com\/mdw\/wp-json\/wp\/v2\/product_tag?post=7657"}],"curies":[{"name":"wp","href":"https:\/\/api.w.org\/{rel}","templated":true}]}}