{"id":7790,"date":"2021-12-24T10:08:16","date_gmt":"2021-12-24T13:08:16","guid":{"rendered":"https:\/\/boutiquemiradror.com\/mdw\/?post_type=product&#038;p=7790"},"modified":"2022-12-13T12:47:47","modified_gmt":"2022-12-13T15:47:47","slug":"o-hidrofluid","status":"publish","type":"product","link":"https:\/\/boutiquemiradror.com\/mdw\/producto\/o-hidrofluid\/","title":{"rendered":"O-Hidrofluid"},"content":{"rendered":"<p><span style=\"font-size: 110%\"><strong><em>CONTROL DE EDEMA Y ROJEZ<\/em><\/strong><\/span><\/p>\n<p><strong>Logra liberar tus Beta-endorfinas, las hormonas de placer, para as\u00ed generar que tu piel este confortable ante el entorno o tratamientos que haya recibido, como ser un tratamiento est\u00e9tico, de laser o cirug\u00eda, incluso si sufre escozor o picadura de insecto o patolog\u00edas con cuadro de piel sensible.<\/strong><\/p>\n<p>&nbsp;<\/p>\n<p>*CLASIFICACION: descongestivo<\/p>\n<p>*POR GRUPO: corporal<\/p>\n<p>*PROPIEDADES: hidratante, reparador<\/p>\n<p>*TIPOS DE PRODUCTO: PIEL SENSIBLE\/ EXTRA SENSIBLE<\/p>\n<p>*TIPO: Emulsi\u00f3n liviana<\/p>\n<p><strong><em>*\u00bfESTA INDICADO PARA MI PIEL?<\/em><\/strong><\/p>\n<p><strong><em>Indicado para todas las pieles sensibles y muy sensibles, mejora la calidad de la cicatrizaci\u00f3n, por lo que ser\u00eda ideal para preparar la piel que va a ser expuesta a alg\u00fan tipo de traumatismo programado como ser una cirug\u00eda, y a posterior tambi\u00e9n, sin aplicar sobre la piel abierta.<\/em><\/strong><\/p>\n<p><strong>Presentaci\u00f3n: 150 gr.<\/strong><\/p>\n<p>*ACTIVOS: BOSWELLIA SERRATA Y AQUAXYL<\/p>\n","protected":false},"excerpt":{"rendered":"<p>CONTROL DE EDEMA Y ROJEZ Logra liberar tus Beta-endorfinas, las hormonas de placer, para as\u00ed generar que tu piel este confortable ante el entorno o tratamientos que haya recibido, como ser un tratamiento est\u00e9tico, de laser o cirug\u00eda, incluso si sufre escozor o picadura de insecto o patolog\u00edas con cuadro de piel sensible. &nbsp; *CLASIFICACION: [&#8230;]\n","protected":false},"featured_media":7791,"template":"","meta":{"_joinchat":[]},"product_brand":[],"product_cat":[784,655,689,705,779,1006,814],"product_tag":[],"class_list":{"0":"post-7790","1":"product","2":"type-product","3":"status-publish","4":"has-post-thumbnail","6":"product_cat-corporales","7":"product_cat-hidratante","8":"product_cat-pieles-reactivas-con-hipersensibilidad","9":"product_cat-protector-de-la-agresion-externa","10":"product_cat-regeneradores","11":"product_cat-tratamiento-post-tauaje","12":"product_cat-ultra-hidratante-corporales","13":"pa_tipo-de-producto-emulsion-liviana","14":"pa_tipos-de-piel-extra-sensible-delicado","15":"pa_tipos-de-piel-sensible-delicado","17":"first","18":"instock","19":"taxable","20":"shipping-taxable","21":"purchasable","22":"product-type-simple"},"jetpack_sharing_enabled":true,"_links":{"self":[{"href":"https:\/\/boutiquemiradror.com\/mdw\/wp-json\/wp\/v2\/product\/7790","targetHints":{"allow":["GET"]}}],"collection":[{"href":"https:\/\/boutiquemiradror.com\/mdw\/wp-json\/wp\/v2\/product"}],"about":[{"href":"https:\/\/boutiquemiradror.com\/mdw\/wp-json\/wp\/v2\/types\/product"}],"wp:featuredmedia":[{"embeddable":true,"href":"https:\/\/boutiquemiradror.com\/mdw\/wp-json\/wp\/v2\/media\/7791"}],"wp:attachment":[{"href":"https:\/\/boutiquemiradror.com\/mdw\/wp-json\/wp\/v2\/media?parent=7790"}],"wp:term":[{"taxonomy":"product_brand","embeddable":true,"href":"https:\/\/boutiquemiradror.com\/mdw\/wp-json\/wp\/v2\/product_brand?post=7790"},{"taxonomy":"product_cat","embeddable":true,"href":"https:\/\/boutiquemiradror.com\/mdw\/wp-json\/wp\/v2\/product_cat?post=7790"},{"taxonomy":"product_tag","embeddable":true,"href":"https:\/\/boutiquemiradror.com\/mdw\/wp-json\/wp\/v2\/product_tag?post=7790"}],"curies":[{"name":"wp","href":"https:\/\/api.w.org\/{rel}","templated":true}]}}