{"id":9833,"date":"2022-11-24T14:36:50","date_gmt":"2022-11-24T17:36:50","guid":{"rendered":"https:\/\/boutiquemiradror.com\/mdw\/?post_type=product&#038;p=9833"},"modified":"2022-12-13T12:23:53","modified_gmt":"2022-12-13T15:23:53","slug":"amazone-perlado","status":"publish","type":"product","link":"https:\/\/boutiquemiradror.com\/mdw\/producto\/amazone-perlado\/","title":{"rendered":"AMAZONE PERLADO"},"content":{"rendered":"<p><span style=\"font-size: 160%\"><strong>Loci\u00f3n corporal antioxidante<\/strong><\/span><\/p>\n<ul>\n<li><em><span style=\"font-size: 150%\">Amazone es ideal como loci\u00f3n humectante corporal <\/span><\/em><\/li>\n<li><em><span style=\"font-size: 150%\">Pre,Post-Solar con una poderosa acci\u00f3n antioxidante <\/span><\/em><\/li>\n<li><em><span style=\"font-size: 150%\">por la presencia de los <\/span><\/em><em><span style=\"font-size: 150%\">Polifenoles antioxidantes de T\u00e9 Verde, Caf\u00e9 y Cacao.<\/span><\/em><\/li>\n<\/ul>\n<p><span style=\"font-size: 160%\"><strong>*\u00bfESTA INDICADO PARA MI PIEL?<\/strong><\/span><\/p>\n<ul>\n<li><span style=\"font-size: 130%\">Est\u00e1 indicada en todo tipo de piel si necesita hidrataci\u00f3n antioxidante, <\/span><\/li>\n<li><span style=\"font-size: 130%\">restauraci\u00f3n y protecci\u00f3n pre y post solar. Delicada emulsi\u00f3n corporal para el cuidado de\u00a0 toda tu piel.<\/span><\/li>\n<\/ul>\n<p><strong><span style=\"font-size: 160%\">ACTIVOS:<\/span> <\/strong><\/p>\n<ul>\n<li><span style=\"font-size: 140%\">Hypericum, Cal\u00e9ndula y Bardana.(T\u00e9 Verde, Caf\u00e9 y Cacao)??<\/span><\/li>\n<\/ul>\n<p>&nbsp;<\/p>\n<p><span style=\"font-size: 160%\"><em><strong>PRESENTACI\u00d3N\u00a0 150 GR.<\/strong><\/em><\/span><\/p>\n<p>&nbsp;<\/p>\n<p>&nbsp;<\/p>\n<p>&nbsp;<\/p>\n","protected":false},"excerpt":{"rendered":"<p>Loci\u00f3n corporal antioxidante Amazone es ideal como loci\u00f3n humectante corporal Pre,Post-Solar con una poderosa acci\u00f3n antioxidante por la presencia de los Polifenoles antioxidantes de T\u00e9 Verde, Caf\u00e9 y Cacao. *\u00bfESTA INDICADO PARA MI PIEL? Est\u00e1 indicada en todo tipo de piel si necesita hidrataci\u00f3n antioxidante, restauraci\u00f3n y protecci\u00f3n pre y post solar. Delicada emulsi\u00f3n corporal [&#8230;]\n","protected":false},"featured_media":9834,"template":"","meta":{"_joinchat":[]},"product_brand":[],"product_cat":[751,784,817,781,1021,770,681,706,676],"product_tag":[],"class_list":{"0":"post-9833","1":"product","2":"type-product","3":"status-publish","4":"has-post-thumbnail","6":"product_cat-antioxidante","7":"product_cat-corporales","8":"product_cat-formula-corporal-higiene","9":"product_cat-hidratante-masculinos","10":"product_cat-hidratante-post-solar","11":"product_cat-para-el-cuerpo","12":"product_cat-productos-solares","13":"product_cat-protector-de-la-agresion-externa-masculinos","14":"product_cat-ultra-hidratante","16":"first","17":"instock","18":"taxable","19":"shipping-taxable","20":"purchasable","21":"product-type-simple"},"jetpack_sharing_enabled":true,"_links":{"self":[{"href":"https:\/\/boutiquemiradror.com\/mdw\/wp-json\/wp\/v2\/product\/9833","targetHints":{"allow":["GET"]}}],"collection":[{"href":"https:\/\/boutiquemiradror.com\/mdw\/wp-json\/wp\/v2\/product"}],"about":[{"href":"https:\/\/boutiquemiradror.com\/mdw\/wp-json\/wp\/v2\/types\/product"}],"wp:featuredmedia":[{"embeddable":true,"href":"https:\/\/boutiquemiradror.com\/mdw\/wp-json\/wp\/v2\/media\/9834"}],"wp:attachment":[{"href":"https:\/\/boutiquemiradror.com\/mdw\/wp-json\/wp\/v2\/media?parent=9833"}],"wp:term":[{"taxonomy":"product_brand","embeddable":true,"href":"https:\/\/boutiquemiradror.com\/mdw\/wp-json\/wp\/v2\/product_brand?post=9833"},{"taxonomy":"product_cat","embeddable":true,"href":"https:\/\/boutiquemiradror.com\/mdw\/wp-json\/wp\/v2\/product_cat?post=9833"},{"taxonomy":"product_tag","embeddable":true,"href":"https:\/\/boutiquemiradror.com\/mdw\/wp-json\/wp\/v2\/product_tag?post=9833"}],"curies":[{"name":"wp","href":"https:\/\/api.w.org\/{rel}","templated":true}]}}